{"id":33,"date":"2022-08-16T08:09:31","date_gmt":"2022-08-16T08:09:31","guid":{"rendered":"https:\/\/teespace.harutheme.com\/studio\/?page_id=33"},"modified":"2025-02-12T23:00:42","modified_gmt":"2025-02-12T23:00:42","slug":"conception","status":"publish","type":"page","link":"https:\/\/sensual-pix.com\/home-1\/conception\/","title":{"rendered":"Conception"},"content":{"rendered":"<style>\/*! elementor - v3.9.2 - 21-12-2022 *\/\n.elementor-widget-image{text-align:center}.elementor-widget-image a{display:inline-block}.elementor-widget-image a img[src$=\".svg\"]{width:48px}.elementor-widget-image img{vertical-align:middle;display:inline-block}<\/style>\n<p>\t\t\t\t\t\t\t\t\t\t\t\t<img data-recalc-dims=\"1\" loading=\"lazy\" decoding=\"async\" width=\"700\" height=\"467\" src=\"https:\/\/i0.wp.com\/sensual-pix.com\/wp-content\/uploads\/2022\/12\/466-pm-0185-01-mockup.jpg?resize=700%2C467&#038;ssl=1\" alt=\"\" loading=\"lazy\" srcset=\"https:\/\/sensual-pix.com\/wp-content\/uploads\/2022\/12\/466-pm-0185-01-mockup.jpg 700w, https:\/\/sensual-pix.com\/wp-content\/uploads\/2022\/12\/466-pm-0185-01-mockup-300x200.jpg 300w, https:\/\/sensual-pix.com\/wp-content\/uploads\/2022\/12\/466-pm-0185-01-mockup-600x400.jpg 600w\" sizes=\"auto, (max-width: 700px) 100vw, 700px\" \/>\t\t\t\t\t\t\t\t\t\t\t\t\t\t\t<\/p>\n<h2>1-  Choisissez le format<\/h2>\n<p><img data-recalc-dims=\"1\" decoding=\"async\" src=\"https:\/\/i0.wp.com\/st.zeinberg.com\/images\/format_ideal\/Formats_desktop_fr.jpg?ssl=1\" \/><\/p>\n<h2>2-  Choisissez le type d&#8217;impressions<\/h2>\n<p>\t\t\t\t\t\t\t\t\t\t\t\t\t\t\t<img data-recalc-dims=\"1\" loading=\"lazy\" decoding=\"async\" width=\"600\" height=\"462\" src=\"https:\/\/i0.wp.com\/sensual-pix.com\/wp-content\/uploads\/2023\/01\/fine-art.jpeg?resize=600%2C462&#038;ssl=1\" alt=\"\" loading=\"lazy\" srcset=\"https:\/\/sensual-pix.com\/wp-content\/uploads\/2023\/01\/fine-art.jpeg 600w, https:\/\/sensual-pix.com\/wp-content\/uploads\/2023\/01\/fine-art-300x231.jpeg 300w\" sizes=\"auto, (max-width: 600px) 100vw, 600px\" \/>\t\t\t\t\t\t\t\t\t\t\t\t\t\t\t<\/p>\n<style>\/*! elementor - v3.9.2 - 21-12-2022 *\/\n.elementor-heading-title{padding:0;margin:0;line-height:1}.elementor-widget-heading .elementor-heading-title[class*=elementor-size-]>a{color:inherit;font-size:inherit;line-height:inherit}.elementor-widget-heading .elementor-heading-title.elementor-size-small{font-size:15px}.elementor-widget-heading .elementor-heading-title.elementor-size-medium{font-size:19px}.elementor-widget-heading .elementor-heading-title.elementor-size-large{font-size:29px}.elementor-widget-heading .elementor-heading-title.elementor-size-xl{font-size:39px}.elementor-widget-heading .elementor-heading-title.elementor-size-xxl{font-size:59px}<\/style>\n<h2>FINITION FINE ART<br \/>\n<\/h2>\n<ul>\n<li>Papier argentique Fuji DPI Gloss 250mg \u00a9<\/li>\n<li>Sobre et d\u00e9licate<\/li>\n<li>\u00c0 accrocher ou \u00e0 encadrer<\/li>\n<\/ul>\n<p>\t\t\t\t\t\t\t\t\t\t\t\t\t\t\t<img data-recalc-dims=\"1\" loading=\"lazy\" decoding=\"async\" width=\"600\" height=\"462\" src=\"https:\/\/i0.wp.com\/sensual-pix.com\/wp-content\/uploads\/2023\/01\/aluminium.jpeg?resize=600%2C462&#038;ssl=1\" alt=\"\" loading=\"lazy\" srcset=\"https:\/\/sensual-pix.com\/wp-content\/uploads\/2023\/01\/aluminium.jpeg 600w, https:\/\/sensual-pix.com\/wp-content\/uploads\/2023\/01\/aluminium-300x231.jpeg 300w\" sizes=\"auto, (max-width: 600px) 100vw, 600px\" \/>\t\t\t\t\t\t\t\t\t\t\t\t\t\t\t<\/p>\n<h2>FINITION ALUMINIUM<\/h2>\n<ul>\n<li>Papier argentique Fuji DPI Gloss 250mg \u00a9<\/li>\n<li>Contrecollage sur Aluminium Dibond \u00a9 et Film Gloss<\/li>\n<li>L\u00e9ger et r\u00e9sistant<\/li>\n<\/ul>\n<p>\t\t\t\t\t\t\t\t\t\t\t\t\t\t\t<img data-recalc-dims=\"1\" loading=\"lazy\" decoding=\"async\" width=\"800\" height=\"616\" src=\"https:\/\/i0.wp.com\/sensual-pix.com\/wp-content\/uploads\/2023\/01\/plexi.jpeg?resize=800%2C616&#038;ssl=1\" alt=\"\" loading=\"lazy\" srcset=\"https:\/\/sensual-pix.com\/wp-content\/uploads\/2023\/01\/plexi.jpeg 800w, https:\/\/sensual-pix.com\/wp-content\/uploads\/2023\/01\/plexi-300x231.jpeg 300w, https:\/\/sensual-pix.com\/wp-content\/uploads\/2023\/01\/plexi-768x591.jpeg 768w, https:\/\/sensual-pix.com\/wp-content\/uploads\/2023\/01\/plexi-600x462.jpeg 600w\" sizes=\"auto, (max-width: 800px) 100vw, 800px\" \/>\t\t\t\t\t\t\t\t\t\t\t\t\t\t\t<\/p>\n<h2>FINITION PLEXI BRILLANT<\/h2>\n<ul>\n<li>Papier argentique Fuji DPI Gloss 250mg \u00a9<\/li>\n<li>Contrecollage sur Aluminium Dibond \u00a9<\/li>\n<li>Couleurs magnifi\u00e9es, photographie prot\u00e9g\u00e9e<\/li>\n<\/ul>\n<p>\t\t\t\t\t\t\t\t\t\t\t\t\t\t\t<img data-recalc-dims=\"1\" loading=\"lazy\" decoding=\"async\" width=\"600\" height=\"462\" src=\"https:\/\/i0.wp.com\/sensual-pix.com\/wp-content\/uploads\/2023\/01\/fine-art.jpeg?resize=600%2C462&#038;ssl=1\" alt=\"\" loading=\"lazy\" srcset=\"https:\/\/sensual-pix.com\/wp-content\/uploads\/2023\/01\/fine-art.jpeg 600w, https:\/\/sensual-pix.com\/wp-content\/uploads\/2023\/01\/fine-art-300x231.jpeg 300w\" sizes=\"auto, (max-width: 600px) 100vw, 600px\" \/>\t\t\t\t\t\t\t\t\t\t\t\t\t\t\t<\/p>\n<h2>FINITION PLEXI MAT<br \/>\n<\/h2>\n<ul>\n<li>Papier argentique Fuji DPI Gloss 250mg \u00a9<\/li>\n<li>Contrecollage sur Aluminium Dibond \u00a9<\/li>\n<li>La qualit\u00e9 galerie\u00a0sans reflets<\/li>\n<\/ul>\n<h2>3- Choisissez le type d&#8217;encadrement<\/h2>\n<p>\t\t\t\t\t\t\t\t\t\t\t\t\t\t\t<img data-recalc-dims=\"1\" loading=\"lazy\" decoding=\"async\" width=\"600\" height=\"616\" src=\"https:\/\/i0.wp.com\/sensual-pix.com\/wp-content\/uploads\/2023\/01\/cadre-fr.jpeg?resize=600%2C616&#038;ssl=1\" alt=\"\" loading=\"lazy\" srcset=\"https:\/\/sensual-pix.com\/wp-content\/uploads\/2023\/01\/cadre-fr-600x616.jpeg 600w, https:\/\/sensual-pix.com\/wp-content\/uploads\/2023\/01\/cadre-fr-292x300.jpeg 292w, https:\/\/sensual-pix.com\/wp-content\/uploads\/2023\/01\/cadre-fr.jpeg 604w\" sizes=\"auto, (max-width: 600px) 100vw, 600px\" \/><\/p>\n","protected":false},"excerpt":{"rendered":"<p>1- Choisissez le format 2- Choisissez le type d&#8217;impressions FINITION FINE ART Papier argentique Fuji DPI Gloss 250mg \u00a9 Sobre et d\u00e9licate \u00c0 accrocher ou \u00e0 encadrer FINITION ALUMINIUM Papier argentique Fuji DPI Gloss 250mg \u00a9 Contrecollage sur Aluminium Dibond \u00a9 et Film Gloss L\u00e9ger et r\u00e9sistant FINITION PLEXI BRILLANT Papier argentique Fuji DPI Gloss [&hellip;]<\/p>\n","protected":false},"author":3,"featured_media":0,"parent":0,"menu_order":0,"comment_status":"closed","ping_status":"closed","template":"","meta":{"footnotes":""},"class_list":["post-33","page","type-page","status-publish","hentry"],"jetpack_sharing_enabled":true,"_links":{"self":[{"href":"https:\/\/sensual-pix.com\/home-1\/wp-json\/wp\/v2\/pages\/33","targetHints":{"allow":["GET"]}}],"collection":[{"href":"https:\/\/sensual-pix.com\/home-1\/wp-json\/wp\/v2\/pages"}],"about":[{"href":"https:\/\/sensual-pix.com\/home-1\/wp-json\/wp\/v2\/types\/page"}],"author":[{"embeddable":true,"href":"https:\/\/sensual-pix.com\/home-1\/wp-json\/wp\/v2\/users\/3"}],"replies":[{"embeddable":true,"href":"https:\/\/sensual-pix.com\/home-1\/wp-json\/wp\/v2\/comments?post=33"}],"version-history":[{"count":23,"href":"https:\/\/sensual-pix.com\/home-1\/wp-json\/wp\/v2\/pages\/33\/revisions"}],"predecessor-version":[{"id":13054,"href":"https:\/\/sensual-pix.com\/home-1\/wp-json\/wp\/v2\/pages\/33\/revisions\/13054"}],"wp:attachment":[{"href":"https:\/\/sensual-pix.com\/home-1\/wp-json\/wp\/v2\/media?parent=33"}],"curies":[{"name":"wp","href":"https:\/\/api.w.org\/{rel}","templated":true}]}}