{"id":29,"date":"2022-08-16T08:08:57","date_gmt":"2022-08-16T08:08:57","guid":{"rendered":"https:\/\/teespace.harutheme.com\/classic\/?page_id=29"},"modified":"2024-10-21T12:51:46","modified_gmt":"2024-10-21T12:51:46","slug":"prochaine-exposition","status":"publish","type":"page","link":"https:\/\/sensual-pix.com\/home-1\/prochaine-exposition\/","title":{"rendered":"Exposition"},"content":{"rendered":"\t\t<div data-elementor-type=\"wp-page\" data-elementor-id=\"29\" class=\"elementor elementor-29\">\n\t\t\t\t<div class=\"elementor-element elementor-element-2fb78d4 e-grid e-con-boxed e-con e-parent\" data-id=\"2fb78d4\" data-element_type=\"container\" data-e-type=\"container\">\n\t\t\t\t\t<div class=\"e-con-inner\">\n\t\t\t\t<div class=\"elementor-element elementor-element-57e72c7 elementor-widget elementor-widget-text-editor\" data-id=\"57e72c7\" data-element_type=\"widget\" data-e-type=\"widget\" data-widget_type=\"text-editor.default\">\n\t\t\t\t<div class=\"elementor-widget-container\">\n\t\t\t\t\t\t\t\t\t<h4 style=\"text-align: center;\">Sensual-Pix \u00e9tait pr\u00e9sent lors de&nbsp;<\/h4><h4 style=\"text-align: center;\">l&#8217;exposition d&#8217;art des photographes Fran\u00e7ais<\/h4>\n<h4 style=\"text-align: center;\">du 15 juin au 14 septembre 2024.<\/h4>\n<p style=\"text-align: center;\">Le vernissage a eu lieu le 21 juin en fin d&#8217;apr\u00e8s midi&nbsp;<\/p>\n<p style=\"text-align: center;\">au 179 Boulevard Lefebvre \u00e0 Paris dans le 15\u00e8me arrondissement.<\/p>\n<p style=\"text-align: center;\">Sensual-pix y pr\u00e9senta quelques mosa\u00efques et quelques nues.<\/p>\t\t\t\t\t\t\t\t<\/div>\n\t\t\t\t<\/div>\n\t\t\t\t<div class=\"elementor-element elementor-element-21281de elementor-widget elementor-widget-image\" data-id=\"21281de\" data-element_type=\"widget\" data-e-type=\"widget\" data-widget_type=\"image.default\">\n\t\t\t\t<div class=\"elementor-widget-container\">\n\t\t\t\t\t\t\t\t\t\t\t\t\t\t\t<img fetchpriority=\"high\" decoding=\"async\" width=\"768\" height=\"1152\" src=\"https:\/\/i0.wp.com\/sensual-pix.com\/wp-content\/uploads\/2024\/04\/52079a9a-92bb-4adb-818a-958941207e81.jpg?fit=768%2C1152&amp;ssl=1\" class=\"attachment-medium_large size-medium_large wp-image-13453\" alt=\"\" srcset=\"https:\/\/i0.wp.com\/sensual-pix.com\/wp-content\/uploads\/2024\/04\/52079a9a-92bb-4adb-818a-958941207e81.jpg?w=1067&amp;ssl=1 1067w, https:\/\/i0.wp.com\/sensual-pix.com\/wp-content\/uploads\/2024\/04\/52079a9a-92bb-4adb-818a-958941207e81.jpg?resize=600%2C900&amp;ssl=1 600w, https:\/\/i0.wp.com\/sensual-pix.com\/wp-content\/uploads\/2024\/04\/52079a9a-92bb-4adb-818a-958941207e81.jpg?resize=200%2C300&amp;ssl=1 200w, https:\/\/i0.wp.com\/sensual-pix.com\/wp-content\/uploads\/2024\/04\/52079a9a-92bb-4adb-818a-958941207e81.jpg?resize=683%2C1024&amp;ssl=1 683w, https:\/\/i0.wp.com\/sensual-pix.com\/wp-content\/uploads\/2024\/04\/52079a9a-92bb-4adb-818a-958941207e81.jpg?resize=768%2C1152&amp;ssl=1 768w, https:\/\/i0.wp.com\/sensual-pix.com\/wp-content\/uploads\/2024\/04\/52079a9a-92bb-4adb-818a-958941207e81.jpg?resize=1024%2C1536&amp;ssl=1 1024w\" sizes=\"(max-width: 768px) 100vw, 768px\" \/>\t\t\t\t\t\t\t\t\t\t\t\t\t\t\t<\/div>\n\t\t\t\t<\/div>\n\t\t\t\t\t<\/div>\n\t\t\t\t<\/div>\n\t\t\t\t<\/div>\n\t\t","protected":false},"excerpt":{"rendered":"<p>Sensual-Pix \u00e9tait pr\u00e9sent lors de&nbsp; l&#8217;exposition d&#8217;art des photographes Fran\u00e7ais du 15 juin au 14 septembre 2024. Le vernissage a eu lieu le 21 juin en fin d&#8217;apr\u00e8s midi&nbsp; au 179 Boulevard Lefebvre \u00e0 Paris dans le 15\u00e8me arrondissement. Sensual-pix y pr\u00e9senta quelques mosa\u00efques et quelques nues.<\/p>\n","protected":false},"author":3,"featured_media":0,"parent":0,"menu_order":0,"comment_status":"closed","ping_status":"closed","template":"","meta":{"footnotes":""},"class_list":["post-29","page","type-page","status-publish","hentry"],"jetpack_sharing_enabled":true,"_links":{"self":[{"href":"https:\/\/sensual-pix.com\/home-1\/wp-json\/wp\/v2\/pages\/29","targetHints":{"allow":["GET"]}}],"collection":[{"href":"https:\/\/sensual-pix.com\/home-1\/wp-json\/wp\/v2\/pages"}],"about":[{"href":"https:\/\/sensual-pix.com\/home-1\/wp-json\/wp\/v2\/types\/page"}],"author":[{"embeddable":true,"href":"https:\/\/sensual-pix.com\/home-1\/wp-json\/wp\/v2\/users\/3"}],"replies":[{"embeddable":true,"href":"https:\/\/sensual-pix.com\/home-1\/wp-json\/wp\/v2\/comments?post=29"}],"version-history":[{"count":22,"href":"https:\/\/sensual-pix.com\/home-1\/wp-json\/wp\/v2\/pages\/29\/revisions"}],"predecessor-version":[{"id":13895,"href":"https:\/\/sensual-pix.com\/home-1\/wp-json\/wp\/v2\/pages\/29\/revisions\/13895"}],"wp:attachment":[{"href":"https:\/\/sensual-pix.com\/home-1\/wp-json\/wp\/v2\/media?parent=29"}],"curies":[{"name":"wp","href":"https:\/\/api.w.org\/{rel}","templated":true}]}}