{"id":13901,"date":"2024-10-21T13:00:13","date_gmt":"2024-10-21T13:00:13","guid":{"rendered":"https:\/\/sensual-pix.com\/?page_id=13901"},"modified":"2026-04-04T11:46:31","modified_gmt":"2026-04-04T11:46:31","slug":"blog","status":"publish","type":"page","link":"https:\/\/sensual-pix.com\/home-1\/accueil\/blog\/","title":{"rendered":"Blog"},"content":{"rendered":"\t\t<div data-elementor-type=\"wp-page\" data-elementor-id=\"13901\" class=\"elementor elementor-13901\">\n\t\t\t\t<div class=\"elementor-element elementor-element-18bb8ea e-flex e-con-boxed e-con e-parent\" data-id=\"18bb8ea\" data-element_type=\"container\" data-e-type=\"container\">\n\t\t\t\t\t<div class=\"e-con-inner\">\n\t\t\t\t<div class=\"elementor-element elementor-element-33819fc elementor-widget elementor-widget-haru-menu-post\" data-id=\"33819fc\" data-element_type=\"widget\" data-e-type=\"widget\" data-widget_type=\"haru-menu-post.default\">\n\t\t\t\t<div class=\"elementor-widget-container\">\n\t\t\t\t\t\n        \t\n                            <div class=\"haru-menu-post haru-menu-post--list-small\" id=\"haru-menu-post910931336\">\n                    \n\t\n\t\t<div class=\"post-list\">\n\t\t\t<article class=\"post-item-menu post-item-menu--style-1\">\n    <div class=\"post-item-menu__thumbnail\">\n        <a href=\"https:\/\/sensual-pix.com\/home-1\/mosaique-photo\/\" class=\"post-item__image\">\n            <img data-recalc-dims=\"1\" fetchpriority=\"high\" decoding=\"async\" width=\"900\" height=\"675\" src=\"https:\/\/i0.wp.com\/sensual-pix.com\/wp-content\/uploads\/2026\/04\/photo-mosaique-sexy-encadree-representant-un-nu-feminin.jpg?resize=900%2C675&#038;ssl=1\" class=\"attachment-post-thumbnail size-post-thumbnail wp-post-image\" alt=\"Photo mosa\u00efque sexy encadr\u00e9e repr\u00e9sentant un nu f\u00e9minin sensuel, expos\u00e9e dans un salon moderne avec fauteuils verts\" srcset=\"https:\/\/i0.wp.com\/sensual-pix.com\/wp-content\/uploads\/2026\/04\/photo-mosaique-sexy-encadree-representant-un-nu-feminin.jpg?w=900&amp;ssl=1 900w, https:\/\/i0.wp.com\/sensual-pix.com\/wp-content\/uploads\/2026\/04\/photo-mosaique-sexy-encadree-representant-un-nu-feminin.jpg?resize=300%2C225&amp;ssl=1 300w, https:\/\/i0.wp.com\/sensual-pix.com\/wp-content\/uploads\/2026\/04\/photo-mosaique-sexy-encadree-representant-un-nu-feminin.jpg?resize=768%2C576&amp;ssl=1 768w, https:\/\/i0.wp.com\/sensual-pix.com\/wp-content\/uploads\/2026\/04\/photo-mosaique-sexy-encadree-representant-un-nu-feminin.jpg?resize=600%2C450&amp;ssl=1 600w\" sizes=\"(max-width: 900px) 100vw, 900px\" \/>        <\/a>\n    <\/div>\n    <div class=\"post-item-menu__content\">\n    \t<h6 class=\"post-item-menu__title\"><a href=\"https:\/\/sensual-pix.com\/home-1\/mosaique-photo\/\">Mosa\u00efque photo personnalis\u00e9e : cr\u00e9ez votre toile unique<\/a><\/h6>\n        <div class=\"post-item-menu__category\">\n                            <a href=\"https:\/\/sensual-pix.com\/home-1\/category\/print-shop\/\" rel=\"category tag\">Print Shop<\/a>                    <\/div>\n    \t<div class=\"post-item-menu__meta\">\n            <div class=\"post-item-menu__meta-date\">avril 3, 2026<\/div>\n        <\/div>\n    <\/div>\n<\/article><article class=\"post-item-menu post-item-menu--style-1\">\n    <div class=\"post-item-menu__thumbnail\">\n        <a href=\"https:\/\/sensual-pix.com\/home-1\/nouvelle-collection-de-mosaiques-mangas-par-i-a\/\" class=\"post-item__image\">\n            <img data-recalc-dims=\"1\" decoding=\"async\" width=\"300\" height=\"300\" src=\"https:\/\/i0.wp.com\/sensual-pix.com\/wp-content\/uploads\/2026\/04\/image.jpg?resize=300%2C300&#038;ssl=1\" class=\"attachment-post-thumbnail size-post-thumbnail wp-post-image\" alt=\"\" srcset=\"https:\/\/i0.wp.com\/sensual-pix.com\/wp-content\/uploads\/2026\/04\/image.jpg?w=300&amp;ssl=1 300w, https:\/\/i0.wp.com\/sensual-pix.com\/wp-content\/uploads\/2026\/04\/image.jpg?resize=150%2C150&amp;ssl=1 150w\" sizes=\"(max-width: 300px) 100vw, 300px\" \/>        <\/a>\n    <\/div>\n    <div class=\"post-item-menu__content\">\n    \t<h6 class=\"post-item-menu__title\"><a href=\"https:\/\/sensual-pix.com\/home-1\/nouvelle-collection-de-mosaiques-mangas-par-i-a\/\">Mosa\u00efques manga IA sexy &#8211; Tableaux d&#8217;anime esth\u00e9tiques<\/a><\/h6>\n        <div class=\"post-item-menu__category\">\n                            <a href=\"https:\/\/sensual-pix.com\/home-1\/category\/exposition\/\" rel=\"category tag\">Exposition<\/a>                    <\/div>\n    \t<div class=\"post-item-menu__meta\">\n            <div class=\"post-item-menu__meta-date\">octobre 21, 2024<\/div>\n        <\/div>\n    <\/div>\n<\/article><article class=\"post-item-menu post-item-menu--style-1\">\n    <div class=\"post-item-menu__thumbnail\">\n        <a href=\"https:\/\/sensual-pix.com\/home-1\/retrouvez-sensual-pix-a-lexposition\/\" class=\"post-item__image\">\n            <img data-recalc-dims=\"1\" decoding=\"async\" width=\"1067\" height=\"1600\" src=\"https:\/\/i0.wp.com\/sensual-pix.com\/wp-content\/uploads\/2024\/04\/52079a9a-92bb-4adb-818a-958941207e81.jpg?resize=1067%2C1600&#038;ssl=1\" class=\"attachment-post-thumbnail size-post-thumbnail wp-post-image\" alt=\"\" srcset=\"https:\/\/i0.wp.com\/sensual-pix.com\/wp-content\/uploads\/2024\/04\/52079a9a-92bb-4adb-818a-958941207e81.jpg?w=1067&amp;ssl=1 1067w, https:\/\/i0.wp.com\/sensual-pix.com\/wp-content\/uploads\/2024\/04\/52079a9a-92bb-4adb-818a-958941207e81.jpg?resize=600%2C900&amp;ssl=1 600w, https:\/\/i0.wp.com\/sensual-pix.com\/wp-content\/uploads\/2024\/04\/52079a9a-92bb-4adb-818a-958941207e81.jpg?resize=200%2C300&amp;ssl=1 200w, https:\/\/i0.wp.com\/sensual-pix.com\/wp-content\/uploads\/2024\/04\/52079a9a-92bb-4adb-818a-958941207e81.jpg?resize=683%2C1024&amp;ssl=1 683w, https:\/\/i0.wp.com\/sensual-pix.com\/wp-content\/uploads\/2024\/04\/52079a9a-92bb-4adb-818a-958941207e81.jpg?resize=768%2C1152&amp;ssl=1 768w, https:\/\/i0.wp.com\/sensual-pix.com\/wp-content\/uploads\/2024\/04\/52079a9a-92bb-4adb-818a-958941207e81.jpg?resize=1024%2C1536&amp;ssl=1 1024w\" sizes=\"(max-width: 1000px) 100vw, 1000px\" \/>        <\/a>\n    <\/div>\n    <div class=\"post-item-menu__content\">\n    \t<h6 class=\"post-item-menu__title\"><a href=\"https:\/\/sensual-pix.com\/home-1\/retrouvez-sensual-pix-a-lexposition\/\">Retrouvez sensual-pix \u00e0 l&#8217;exposition Galerie Concorde<\/a><\/h6>\n        <div class=\"post-item-menu__category\">\n                            <a href=\"https:\/\/sensual-pix.com\/home-1\/category\/exposition\/\" rel=\"category tag\">Exposition<\/a>                    <\/div>\n    \t<div class=\"post-item-menu__meta\">\n            <div class=\"post-item-menu__meta-date\">avril 27, 2024<\/div>\n        <\/div>\n    <\/div>\n<\/article>\t\t<\/div>\n\n\t\n\n                <\/div>\n            \n    \t\t\t\t\t\t<\/div>\n\t\t\t\t<\/div>\n\t\t\t\t\t<\/div>\n\t\t\t\t<\/div>\n\t\t<div class=\"elementor-element elementor-element-0e0dd4a e-flex e-con-boxed e-con e-parent\" data-id=\"0e0dd4a\" data-element_type=\"container\" data-e-type=\"container\">\n\t\t\t\t\t<div class=\"e-con-inner\">\n\t\t\t\t<div class=\"elementor-element elementor-element-8d62ba7 elementor-widget elementor-widget-haru-particles\" data-id=\"8d62ba7\" data-element_type=\"widget\" data-e-type=\"widget\" data-widget_type=\"haru-particles.default\">\n\t\t\t\t<div class=\"elementor-widget-container\">\n\t\t\t\t\t\n                            <div class=\"haru-particles haru-particles--style-1\" data-id=\"haru-particles__content-8d62ba7\" data-number-value=\"15\" data-number-density=\"1\" data-color-value=\"\" data-shape-type=\"circle\" data-size-value=\"1\" data-size-random=\"false\" data-move-enable=\"no\" data-move-speed=\"1\" data-move-direction=\"none\">\n                                            <div id=\"haru-particles__content-8d62ba7\" class=\"haru-particles__content\">\n\n                        <!-- <div id=\"haru-particles__content-8d62ba7\" class=\"haru-particles__content\" data-particles='{\n                            particles: {\n                                number : {\n                                    value: 15,density: 1,\n                                }, \n                                color : {\n                                    value: [\"#f27e3f\", \"#0fbbb4\", \"#48bb0f\", \"#3ff292\", \"#899bff\"]\n                                }, \n                                shape : {\n                                    type: \"circle\",\n                                }, \n                                size : {\n                                    value: 10,random: true,anim: {\n                                        enable: false,speed: 1,size_min: 5,sync: false,\n                                    }\n                                }, \n                                move : {\n                                    enable: true,speed: 2,direction: \"right\",random: true,straight: false,out_mode: \"out\",bounce: false,\n                                    attract: {\n                                        enable: false,rotateX: 600,rotateY: 1200,\n                                    },\n                                },\n                            }, \n                            interactivity : {}, \n                            retina_detect : true, \n                            asBG: true \n                        }'> -->\n                            \n                        <\/div>\n                                    <\/div>\n            \n            \t\t\t\t<\/div>\n\t\t\t\t<\/div>\n\t\t\t\t\t<\/div>\n\t\t\t\t<\/div>\n\t\t<div class=\"elementor-element elementor-element-33cf5be e-flex e-con-boxed e-con e-parent\" data-id=\"33cf5be\" data-element_type=\"container\" data-e-type=\"container\">\n\t\t\t\t\t<div class=\"e-con-inner\">\n\t\t\t\t<div class=\"elementor-element elementor-element-47f2408 elementor-widget elementor-widget-haru-particles\" data-id=\"47f2408\" data-element_type=\"widget\" data-e-type=\"widget\" data-widget_type=\"haru-particles.default\">\n\t\t\t\t<div class=\"elementor-widget-container\">\n\t\t\t\t\t\n                            <div class=\"haru-particles haru-particles--style-1\" data-id=\"haru-particles__content-47f2408\" data-number-value=\"15\" data-number-density=\"1\" data-color-value=\"\" data-shape-type=\"circle\" data-size-value=\"1\" data-size-random=\"false\" data-move-enable=\"no\" data-move-speed=\"1\" data-move-direction=\"none\">\n                                            <div id=\"haru-particles__content-47f2408\" class=\"haru-particles__content\">\n\n                        <!-- <div id=\"haru-particles__content-47f2408\" class=\"haru-particles__content\" data-particles='{\n                            particles: {\n                                number : {\n                                    value: 15,density: 1,\n                                }, \n                                color : {\n                                    value: [\"#f27e3f\", \"#0fbbb4\", \"#48bb0f\", \"#3ff292\", \"#899bff\"]\n                                }, \n                                shape : {\n                                    type: \"circle\",\n                                }, \n                                size : {\n                                    value: 10,random: true,anim: {\n                                        enable: false,speed: 1,size_min: 5,sync: false,\n                                    }\n                                }, \n                                move : {\n                                    enable: true,speed: 2,direction: \"right\",random: true,straight: false,out_mode: \"out\",bounce: false,\n                                    attract: {\n                                        enable: false,rotateX: 600,rotateY: 1200,\n                                    },\n                                },\n                            }, \n                            interactivity : {}, \n                            retina_detect : true, \n                            asBG: true \n                        }'> -->\n                            \n                        <\/div>\n                                    <\/div>\n            \n            \t\t\t\t<\/div>\n\t\t\t\t<\/div>\n\t\t\t\t\t<\/div>\n\t\t\t\t<\/div>\n\t\t\t\t<\/div>\n\t\t","protected":false},"excerpt":{"rendered":"<p>Nouvelle collection de Mosaiques Mangas par I.A. Exposition octobre 21, 2024 Retrouvez sensual-pix \u00e0 l&#8217;exposition Galerie Concorde Exposition avril 27, 2024<\/p>\n","protected":false},"author":2,"featured_media":13950,"parent":11299,"menu_order":0,"comment_status":"closed","ping_status":"closed","template":"","meta":{"footnotes":""},"class_list":["post-13901","page","type-page","status-publish","has-post-thumbnail","hentry"],"jetpack_sharing_enabled":true,"_links":{"self":[{"href":"https:\/\/sensual-pix.com\/home-1\/wp-json\/wp\/v2\/pages\/13901","targetHints":{"allow":["GET"]}}],"collection":[{"href":"https:\/\/sensual-pix.com\/home-1\/wp-json\/wp\/v2\/pages"}],"about":[{"href":"https:\/\/sensual-pix.com\/home-1\/wp-json\/wp\/v2\/types\/page"}],"author":[{"embeddable":true,"href":"https:\/\/sensual-pix.com\/home-1\/wp-json\/wp\/v2\/users\/2"}],"replies":[{"embeddable":true,"href":"https:\/\/sensual-pix.com\/home-1\/wp-json\/wp\/v2\/comments?post=13901"}],"version-history":[{"count":7,"href":"https:\/\/sensual-pix.com\/home-1\/wp-json\/wp\/v2\/pages\/13901\/revisions"}],"predecessor-version":[{"id":13915,"href":"https:\/\/sensual-pix.com\/home-1\/wp-json\/wp\/v2\/pages\/13901\/revisions\/13915"}],"up":[{"embeddable":true,"href":"https:\/\/sensual-pix.com\/home-1\/wp-json\/wp\/v2\/pages\/11299"}],"wp:featuredmedia":[{"embeddable":true,"href":"https:\/\/sensual-pix.com\/home-1\/wp-json\/wp\/v2\/media\/13950"}],"wp:attachment":[{"href":"https:\/\/sensual-pix.com\/home-1\/wp-json\/wp\/v2\/media?parent=13901"}],"curies":[{"name":"wp","href":"https:\/\/api.w.org\/{rel}","templated":true}]}}