{"id":12886,"date":"2023-01-02T13:26:20","date_gmt":"2023-01-02T13:26:20","guid":{"rendered":"https:\/\/sensual-pix.com\/?page_id=12886"},"modified":"2024-10-21T12:56:44","modified_gmt":"2024-10-21T12:56:44","slug":"mentions-legales","status":"publish","type":"page","link":"https:\/\/sensual-pix.com\/home-1\/mentions-legales\/","title":{"rendered":"Mentions l\u00e9gales"},"content":{"rendered":"\t\t<div data-elementor-type=\"wp-page\" data-elementor-id=\"12886\" class=\"elementor elementor-12886\">\n\t\t\t\t<div class=\"elementor-element elementor-element-70dbbb86 e-flex e-con-boxed e-con e-parent\" data-id=\"70dbbb86\" data-element_type=\"container\" data-e-type=\"container\">\n\t\t\t\t\t<div class=\"e-con-inner\">\n\t\t\t\t<div class=\"elementor-element elementor-element-5f01690b elementor-widget elementor-widget-text-editor\" data-id=\"5f01690b\" data-element_type=\"widget\" data-e-type=\"widget\" data-widget_type=\"text-editor.default\">\n\t\t\t\t<div class=\"elementor-widget-container\">\n\t\t\t\t\t\t\t\t\t<p><\/p>\n<p>L.S.D.P.DISTRIBUTION, soci\u00e9t\u00e9 \u00e0 responsabilit\u00e9 limit\u00e9e, au capital social de 32 000,00 \u20ac, dont le si\u00e8ge social est situ\u00e9 au 9 rue des Colonnes 75002 PARIS, immatricul\u00e9e au Registre du Commerce et des Soci\u00e9t\u00e9s de Paris sous le num\u00e9ro 478 993 447 repr\u00e9sent\u00e9e par M Emmanuel Gosselin agissant et ayant les pouvoirs n\u00e9cessaires en tant que g\u00e9rant.<\/p>\n<p><\/p>\n<p><\/p>\n<p><\/p>\n<p><\/p>\n<figure id=\"rensjur\" class=\"wp-block-table\">\n<table>\n<tbody>\n<tr>\n<td><\/td>\n<\/tr>\n<tr>\n<td>Date cr\u00e9ation entreprise<\/td>\n<td>11-10-2004<\/td>\n<\/tr>\n<tr>\n<td><\/td>\n<\/tr>\n<tr>\n<td>Noms commerciaux<\/td>\n<td>L.S.D.P. DISTRIBUTION<\/td>\n<\/tr>\n<tr>\n<td>T\u00e9l\u00e9phone<\/td>\n<\/tr>\n<tr>\n<td>Adresse postale<\/td>\n<td>9 rue des colonnes 75002 PARIS<\/td>\n<\/tr>\n<tr>\n<td>Num\u00e9ros d&#8217;identification<\/td>\n<\/tr>\n<tr>\n<td>Num\u00e9ro SIREN<\/td>\n<td>478993447<\/td>\n<\/tr>\n<tr>\n<td>Num\u00e9ro SIRET (<a href=\"https:\/\/www.societe.com\/etablissements\/l-s-d-p-distribution-478993447.html\">si\u00e8ge<\/a>)<\/td>\n<td>47899344700026<\/td>\n<\/tr>\n<tr>\n<td>Num\u00e9ro TVA Intracommunautaire<\/td>\n<td>FR43478993447<\/td>\n<\/tr>\n<tr>\n<td>Num\u00e9ro RCS<\/td>\n<td>Paris B 478&nbsp;993&nbsp;447.&nbsp;<\/td>\n<\/tr>\n<tr>\n<td>Informations commerciales<\/td>\n<\/tr>\n<tr>\n<td><\/td>\n<\/tr>\n<tr>\n<td>Informations juridiques<\/td>\n<\/tr>\n<tr>\n<td>Statut RCS<\/td>\n<td>INSCRITE <em>au greffe de Paris<\/em><\/td>\n<\/tr>\n<tr>\n<td>Statut INSEE<\/td>\n<td>INSCRITE<a href=\"javascript:void(0);\"> <\/a><\/td>\n<\/tr>\n<tr>\n<td>Date d&#8217;immatriculation RCS<\/td>\n<td>Immatricul\u00e9e au RCS le 13-10-2004<\/td>\n<\/tr>\n<tr>\n<td>Date d&#8217;enregistrement INSEE<\/td>\n<td>Enregistr\u00e9e \u00e0 l&#8217;INSEE le 11-10-2004<\/td>\n<\/tr>\n<tr>\n<td><\/td>\n<\/tr>\n<tr>\n<td><\/td>\n<\/tr>\n<tr>\n<td><\/td>\n<\/tr>\n<\/tbody>\n<\/table>\n<\/figure>\n<p><\/p>\t\t\t\t\t\t\t\t<\/div>\n\t\t\t\t<\/div>\n\t\t\t\t\t<\/div>\n\t\t\t\t<\/div>\n\t\t\t\t<\/div>\n\t\t","protected":false},"excerpt":{"rendered":"<p>L.S.D.P.DISTRIBUTION, soci\u00e9t\u00e9 \u00e0 responsabilit\u00e9 limit\u00e9e, au capital social de 32 000,00 \u20ac, dont le si\u00e8ge social est situ\u00e9 au 9 rue des Colonnes 75002 PARIS, immatricul\u00e9e au Registre du Commerce et des Soci\u00e9t\u00e9s de Paris sous le num\u00e9ro 478 993 447 repr\u00e9sent\u00e9e par M Emmanuel Gosselin agissant et ayant les pouvoirs n\u00e9cessaires en tant que [&hellip;]<\/p>\n","protected":false},"author":12,"featured_media":0,"parent":0,"menu_order":0,"comment_status":"closed","ping_status":"closed","template":"","meta":{"footnotes":""},"class_list":["post-12886","page","type-page","status-publish","hentry"],"jetpack_sharing_enabled":true,"_links":{"self":[{"href":"https:\/\/sensual-pix.com\/home-1\/wp-json\/wp\/v2\/pages\/12886","targetHints":{"allow":["GET"]}}],"collection":[{"href":"https:\/\/sensual-pix.com\/home-1\/wp-json\/wp\/v2\/pages"}],"about":[{"href":"https:\/\/sensual-pix.com\/home-1\/wp-json\/wp\/v2\/types\/page"}],"author":[{"embeddable":true,"href":"https:\/\/sensual-pix.com\/home-1\/wp-json\/wp\/v2\/users\/12"}],"replies":[{"embeddable":true,"href":"https:\/\/sensual-pix.com\/home-1\/wp-json\/wp\/v2\/comments?post=12886"}],"version-history":[{"count":7,"href":"https:\/\/sensual-pix.com\/home-1\/wp-json\/wp\/v2\/pages\/12886\/revisions"}],"predecessor-version":[{"id":13900,"href":"https:\/\/sensual-pix.com\/home-1\/wp-json\/wp\/v2\/pages\/12886\/revisions\/13900"}],"wp:attachment":[{"href":"https:\/\/sensual-pix.com\/home-1\/wp-json\/wp\/v2\/media?parent=12886"}],"curies":[{"name":"wp","href":"https:\/\/api.w.org\/{rel}","templated":true}]}}