{"id":12873,"date":"2023-01-02T13:10:41","date_gmt":"2023-01-02T13:10:41","guid":{"rendered":"https:\/\/sensual-pix.com\/?page_id=12873"},"modified":"2023-01-03T20:20:21","modified_gmt":"2023-01-03T20:20:21","slug":"faq","status":"publish","type":"page","link":"https:\/\/sensual-pix.com\/home-1\/faq\/","title":{"rendered":"FAQ"},"content":{"rendered":"\t\t<div data-elementor-type=\"wp-page\" data-elementor-id=\"12873\" class=\"elementor elementor-12873\">\n\t\t\t\t\t\t<section class=\"elementor-section elementor-top-section elementor-element elementor-element-2a1029ff elementor-section-boxed elementor-section-height-default elementor-section-height-default\" data-id=\"2a1029ff\" data-element_type=\"section\" data-e-type=\"section\">\n\t\t\t\t\t\t<div class=\"elementor-container elementor-column-gap-default\">\n\t\t\t\t\t<div class=\"elementor-column elementor-col-100 elementor-top-column elementor-element elementor-element-3add2e47\" data-id=\"3add2e47\" data-element_type=\"column\" data-e-type=\"column\">\n\t\t\t<div class=\"elementor-widget-wrap elementor-element-populated\">\n\t\t\t\t\t\t<div class=\"elementor-element elementor-element-153abc3 elementor-widget elementor-widget-text-editor\" data-id=\"153abc3\" data-element_type=\"widget\" data-e-type=\"widget\" data-widget_type=\"text-editor.default\">\n\t\t\t\t<div class=\"elementor-widget-container\">\n\t\t\t\t\t\t\t\t\t<p><\/p>\n<p><\/p>\n<p><\/p>\n<p><\/p>\n<p><\/p>\n<p>Sensual-pix a pass\u00e9 un partenariat avec la soci\u00e9t\u00e9 Zeinberg qui g\u00e8re int\u00e9gralement les commandes, impressions et envois. Ce sont donc ses conditions g\u00e9n\u00e9rales de ventes qui r\u00e9gissent les commandes pass\u00e9es sur ce site.<\/p>\n<p>\u00a0<\/p>\n<p><\/p>\n<p><\/p>\n<p><\/p>\n<p><\/p>\n<p><strong>Comment puis-je \u00eatre certain que mon tirage ZEINBERG sera de haute qualit\u00e9 ?<\/strong><\/p>\n<p><\/p>\n<p><\/p>\n<p>La qualit\u00e9 ZEINBERG na\u00eet de l&#8217;alliance de la ma\u00eetrise des technologies de pointe et du savoir-faire artisanal.<\/p>\n<p><\/p>\n<p><\/p>\n<p>Avant de proc\u00e9der au tirage des photographies, chacune d&#8217;elle est v\u00e9rifi\u00e9e et optimis\u00e9e manuellement par notre Expert Zeinberg afin de garantir un rendu d&#8217;exception en termes de r\u00e9solution et de couleurs.<\/p>\n<p><\/p>\n<p><\/p>\n<p>De plus, ZEINBERG r\u00e9alise des tirages argentiques : r\u00e9f\u00e9rence au sein du milieu de la photographie et des collectionneurs, ce proc\u00e9d\u00e9 h\u00e9rit\u00e9 du tirage photo argentique traditionnel est le mariage parfait entre le savoir-faire historique et les technologies digitales modernes.<\/p>\n<p><\/p>\n<p><\/p>\n<p>Des LEDS viennent exposer du v\u00e9ritable papier photo argentique Fuji DPII Gloss. Votre tirage est ensuite d\u00e9velopp\u00e9 dans un proc\u00e9d\u00e9 chimique RA4. Il est ensuite fix\u00e9, lav\u00e9, puis s\u00e9ch\u00e9.<\/p>\n<p><\/p>\n<p><\/p>\n<p>Par ailleurs, vos tirages sont garanties deux ans.<\/p>\n<p><\/p>\n<p><\/p>\n<p><strong>Dois-je acheter un cadre pour ma photographie ZEINBERG ?<\/strong><\/p>\n<p><\/p>\n<p><\/p>\n<ul class=\"wp-block-list\">\n<li style=\"list-style-type: none;\">\n<ul><\/ul>\n<\/li>\n<\/ul>\n<p>\u00a0<\/p>\n<ul>\n<li style=\"list-style-type: none;\">\n<ul>\n<li>Les photographies finition \u00ab Encadr\u00e9 Galerie \u00bb ou format \u00ab Classique \u00bb sont livr\u00e9es avec un cadre.<\/li>\n<\/ul>\n<\/li>\n<\/ul>\n<p><\/p>\n<p><\/p>\n<ul>\n<li style=\"list-style-type: none;\">\n<ul>\n<li>Les \u0153uvres en format Mini, S\u00e9lection, Large, Giant et Collector sont coll\u00e9es sur une plaque d&#8217;aluminium qui sert de support : elles sont pr\u00eates \u00e0 \u00eatre accroch\u00e9es telles quelles et n&#8217;ont pas besoin d&#8217;\u00eatre encadr\u00e9es.<\/li>\n<\/ul>\n<\/li>\n<\/ul>\n<p><\/p>\n<p><\/p>\n<p><\/p>\n<p>Un ch\u00e2ssis en aluminium, \u00e9pais de 2 cm, plac\u00e9 au dos de l&#8217;\u0153uvre permet d&#8217;\u00e9carter la photographie du mur afin de cr\u00e9er une esth\u00e9tique de galerie.<\/p>\n<p><\/p>\n<p><\/p>\n<p>Il n&#8217;y a pas de ch\u00e2ssis pour le format Mini qui est livr\u00e9 avec une accroche adh\u00e9sive \u00e0 mettre au dos et un support en plexi pour le faire tenir debout.<\/p>\n<p><\/p>\n<p><\/p>\n<p><strong>Nos fixations en d\u00e9tails :<\/strong><\/p>\n<p><\/p>\n<p><\/p>\n<figure class=\"wp-block-image\"><img decoding=\"async\" data-recalc-dims=\"1\" src=\"https:\/\/i0.wp.com\/st.zeinberg.com\/images\/faq\/fixations.jpg?ssl=1\" alt=\"\" \/><\/figure>\n<p><\/p>\n<p><\/p>\n<p><strong>Les photographies contrecoll\u00e9es sont-elles prot\u00e9g\u00e9es de l&#8217;humidit\u00e9 et de la lumi\u00e8re ?<\/strong><\/p>\n<p><\/p>\n<p><\/p>\n<p>Oui, nos tirages sont tous prot\u00e9g\u00e9s de l&#8217;humidit\u00e9 et de la lumi\u00e8re par un filtre UV ou par un plexi-collage de 2 mm d&#8217;\u00e9paisseur.<\/p>\n<p><\/p>\n<p><\/p>\n<p><strong>Comment entretenir ma photographie ZEINBERG ?<\/strong><\/p>\n<p><\/p>\n<p><\/p>\n<p>Finition Aluminium : Nettoyer la surface avec un chiffon microfibre sec<\/p>\n<p><\/p>\n<p><\/p>\n<p>Finition Plexi: Nettoyer la surface avec de l&#8217;alcool \u00e0 70\u00b0 avec un chiffon microfibre<\/p>\n<p><\/p>\n<p><\/p>\n<p>OFFRIR UNE PHOTOGRAPHIE ZEINBERG<\/p>\n<p><\/p>\n<p><\/p>\n<p><strong>Je souhaite faire un cadeau \u00e0 un(e) ami(e), pourra-t-il \u00e9changer la photographie si elle ne lui pla\u00eet pas ?<\/strong><\/p>\n<p><\/p>\n<p><\/p>\n<p>Pour un cadeau, nous vous conseillons plut\u00f4t d&#8217;offrir un coffret cadeau ZEINBERG afin que votre ami(e) puisse r\u00e9aliser le tirage de la photographie de son choix chez Zeinberg.<\/p>\n<p><\/p>\n<p><\/p>\n<p>COMMANDER CHEZ ZEINBERG<\/p>\n<p><\/p>\n<p><\/p>\n<p><strong>Quels sont les diff\u00e9rents prix ZEINBERG ?<\/strong><\/p>\n<p><\/p>\n<p><\/p>\n<p>Vous pouvez consulter la page Nos Tarifs pour connaitre les prix Zeinberg.<\/p>\n<p><\/p>\n<p><\/p>\n<p>Dans quels pays le laboratoire ZEINBERG livre-t-il ? ZEINBERG livre en France M\u00e9tropolitaine, Allemagne, Belgique, Grande-Bretagne, Luxembourg, Espagne, Italie, Pays-Bas, Danemark, Su\u00e8de, Portugal, Pologne, Gr\u00e8ce, R\u00e9publique Tch\u00e8que, Slovaquie, Norv\u00e8ge, Etats-Unis, Canada, Suisse, Mexique, Singapour, Hong-Kong, Australie, Chine, Indon\u00e9sie, Japon, Cor\u00e9e du Sud, Thailande, Israel et au Liban.<\/p>\n<p><\/p>\n<p><\/p>\n<p><strong>Quels sont les d\u00e9lais de livraison ?<\/strong><\/p>\n<p><\/p>\n<p><\/p>\n<p>ZEINBERG livre votre commande dans un d\u00e9lai d&#8217;environ trois semaines pour les commandes en Livraison \u00e0 Domicile et en Click &amp; Collect (livr\u00e9es en galerie YellowKorner)..<\/p>\n<p><\/p>\n<p><\/p>\n<p><strong>A combien s&#8217;\u00e9l\u00e8vent les frais de port ?<\/strong><\/p>\n<p><\/p>\n<p><\/p>\n<p>Les frais de port varient en fonction du format de la photographie command\u00e9e, du mode de livraison choisi et du pays de livraison.<\/p>\n<p><\/p>\n<p><\/p>\n<p>Vous pouvez consulter la page Nos Tarifs pour connaitre les frais de port Zeinberg par pays.<\/p>\n<p><\/p>\n<p><\/p>\n<p>Il est possible de se faire livrer gratuitement dans plus de 80 galeries YellowKorner, gr\u00e2ce au service de Click&amp;Collect.<\/p>\n<p><\/p>\n<p><\/p>\n<p><strong>Quels sont les diff\u00e9rents types de paiement ?<\/strong><\/p>\n<p><\/p>\n<p><\/p>\n<p>Plusieurs modes de paiement sont propos\u00e9s pour r\u00e9gler votre commande ZEINBERG en toute s\u00e9curit\u00e9 : Carte bleue, Visa, Mastercard et Paypal.<\/p>\n<p><\/p>\n<p><\/p>\n<p><strong>Ces syst\u00e8mes de paiement sont-ils s\u00e9curis\u00e9s ?<\/strong><\/p>\n<p><\/p>\n<p><\/p>\n<p>Quel que soit le mode de paiement utilis\u00e9, la transaction bancaire est effectu\u00e9e par Paypal.<\/p>\n<p><\/p>\n<p><\/p>\n<p>Vos donn\u00e9es bancaires sont crypt\u00e9es (technologie SSL, Secure Socket Layer). Elles ne circulent pas en clair sur internet et ne peuvent \u00eatre intercept\u00e9es.<\/p>\n<p><\/p>\n<p><\/p>\n<p>Vos donn\u00e9es bancaires (num\u00e9ro de carte, date expiration&#8230;) sont \u00e9galement s\u00e9curis\u00e9es et ne sont pas communiqu\u00e9es \u00e0 ZEINBERG.<\/p>\n<p><\/p>\n<p><\/p>\n<p><strong>Puis-je me r\u00e9tracter apr\u00e8s ma commande ?<\/strong><\/p>\n<p><\/p>\n<p><\/p>\n<p>Nous souhaitons attirer l&#8217;attention sur le fait que pour les \u0153uvres du laboratoire photographique ZEINBERG ainsi que les \u0153uvres dont les dimensions, les trousseaux, les perfectionnements ou l&#8217;agencement de d\u00e9tails sont librement choisis, tout droit \u00e0 r\u00e9tractation est exclu, car les produits sont confectionn\u00e9s selon vos sp\u00e9cifications ou fabriqu\u00e9s sur mesure pour vos besoins personnels.<\/p>\n<p><\/p>\n<p><\/p>\n<p><strong>Y a-t-il un risque que le laboratoire ZEINBERG diffuse ma photographie ?<\/strong><\/p>\n<p><\/p>\n<p><\/p>\n<p>Non, ZEINBERG s&#8217;engage \u00e0 ne pas diffuser votre photographie et \u00e0 proc\u00e9der \u00e0 la destruction du fichier 12 mois maximum apr\u00e8s la commande.<\/p>\n<p><\/p>\n<p><\/p>\n<p>COMMENT PREPARER MON FICHIER ?<\/p>\n<p><\/p>\n<p><\/p>\n<p><strong>Quel type de fichier ZEINBERG accepte-t-il ?<\/strong><\/p>\n<p><\/p>\n<p><\/p>\n<p>ZEINBERG accepte les fichiers au format JPG et TIFF mais pas au format PNG, ceux-ci ne prenant pas en compte les profils colorim\u00e9triques.<\/p>\n<p><\/p>\n<p><\/p>\n<p><strong>Dans quel format puis-je tirer ma photographie ?<\/strong><\/p>\n<p><\/p>\n<p><\/p>\n<p>ZEINBERG vous permet d&#8217;obtenir le tirage de vos photographies dans diff\u00e9rents formats allant de 13&#215;19,5cm \u00e0 120x180cm.<\/p>\n<p><\/p>\n<p><\/p>\n<p>Sur notre site, lorsque vous t\u00e9l\u00e9chargez votre image, un logiciel d\u00e9di\u00e9 \u00e0 ZEINBERG analyse votre photographie et vous indique si sa r\u00e9solution est insuffisante pour le format de votre choix.<\/p>\n<p><\/p>\n<p><\/p>\n<p>Ce proc\u00e9d\u00e9 vous permet d&#8217;\u00eatre certain du rendu d&#8217;exception de votre tirage puisque le site bloque les formats qui ne fourniraient pas un Tirage Qualit\u00e9 Galerie \u00e0 votre photographie.<\/p>\n<p><\/p>\n<p><\/p>\n<p>A cette v\u00e9rification informatique, nous avons tenu \u00e0 ajouter le savoir-faire de notre expert qui v\u00e9rifie une nouvelle fois votre image. Vous b\u00e9n\u00e9ficiez ainsi d&#8217;une double s\u00e9curit\u00e9.<\/p>\n<p><\/p>\n<p><\/p>\n<p>Le tableau suivant indique la r\u00e9solution minimale n\u00e9cessaire pour vos photographies en fonction du format dans lequel vous souhaitez les faire tirer :<\/p>\n<p><\/p>\n<p><\/p>\n<figure class=\"wp-block-table\">\n<table>\n<tbody>\n<tr>\n<td><strong>FORMAT<\/strong><\/td>\n<td><strong>MPIX<\/strong><\/td>\n<\/tr>\n<tr>\n<td>Mini<\/td>\n<td>0,61<\/td>\n<\/tr>\n<tr>\n<td>Encadr\u00e9 galerie<\/td>\n<td>2<\/td>\n<\/tr>\n<tr>\n<td>S\u00e9lection<\/td>\n<td>3<\/td>\n<\/tr>\n<tr>\n<td>Large<\/td>\n<td>8<\/td>\n<\/tr>\n<tr>\n<td>Giant<\/td>\n<td>19<\/td>\n<\/tr>\n<tr>\n<td>Collector<\/td>\n<td>27<\/td>\n<\/tr>\n<\/tbody>\n<\/table>\n<\/figure>\n<p><\/p>\n<p><\/p>\n<p><strong>Ma photographie contient une signature, sera-t-elle conserv\u00e9e ?<\/strong><\/p>\n<p><\/p>\n<p><\/p>\n<p>Si une signature et un texte sont int\u00e9gr\u00e9s \u00e0 l&#8217;image, vous devez vous assurer que ces derniers se trouvent au minimum \u00e0 1 cm du bord pour \u00e9viter qu&#8217;ils ne soient coup\u00e9s \u00e0 la production.<\/p>\n<p><\/p>\n<p><\/p>\n<p><strong>Mon fichier est compress\u00e9, cela pose-t-il probl\u00e8me ?<\/strong><\/p>\n<p><\/p>\n<p><\/p>\n<p>Pour le JPEG : nous vous recommandons d&#8217;utiliser une compression JPEG \u00ab qualit\u00e9 maximum \u00bb. Les fichiers peuvent \u00eatre enregistr\u00e9s en 8 bits.<\/p>\n<p><\/p>\n<p><\/p>\n<p><strong>Quel espace colorim\u00e9trique utiliser pour mes fichiers ?<\/strong><\/p>\n<p><\/p>\n<p><\/p>\n<p>Nous vous conseillons d&#8217;utiliser un espace couleur RVB g\u00e9n\u00e9rique tels que sRGB ou Adobe RGB 98.<\/p>\n<p><\/p>\n<p><\/p>\n<p><strong>Comment nommer mon fichier ?<\/strong><\/p>\n<p><\/p>\n<p><\/p>\n<p>Les fichiers ne doivent pas contenir de caract\u00e8res sp\u00e9ciaux (*,$,\/,#,@,%,etc&#8230;).<\/p>\n<p><\/p>\n<p><\/p>\n<p>Seuls les espaces et les tirets &#8216;\u2013&#8217; sont autoris\u00e9s. Les extensions sont obligatoires (.jpg, .JPEG, ).<\/p>\n<p><\/p>\n<p><\/p>\n<p>QUI SOMMES-NOUS ?<\/p>\n<p><\/p>\n<p><\/p>\n<p><strong>Qu&#8217;est-ce que Zeinberg ?<\/strong><\/p>\n<p><\/p>\n<p><\/p>\n<p>ZEINBERG est un laboratoire photographique, bas\u00e9 en Pologne, permettant aux professionnels et aux particuliers de tirer leurs photographies en qualit\u00e9 galerie : avec ou sans finition, d&#8217;apr\u00e8s leurs fichiers jpg ou tif.<\/p>\n<p><\/p>\n<p><\/p>\n<p>Nous proposons deux sortes de prestations : les tirages finition Encadr\u00e9 Galerie et les tirages contrecoll\u00e9s sur Aluminium Dibond (avec ou sans finition Plexi, avec ou sans Encadrement).<\/p>\n<p><\/p>\n<p><\/p>\n<p><strong>Avec quel type de machine travaillez-vous ?<\/strong><\/p>\n<p><\/p>\n<p><\/p>\n<p>Pour les encadr\u00e9s, nous r\u00e9alisons nos tirages argentiques via des imprimantes Fuji Frontier.<\/p>\n<p><\/p>\n<p><\/p>\n<p>Cet \u00e9quipement num\u00e9rique haut de gamme est particuli\u00e8rement adapt\u00e9 aux travaux professionnels, books, portraits, Noir &amp; Blanc. Les blancs sont plus purs et plus clairs, les hautes lumi\u00e8res plus nettes, les couleurs sont p\u00e9rennes et d&#8217;une grande puret\u00e9.<\/p>\n<p><\/p>\n<p><\/p>\n<p>Nous r\u00e9alisons la r\u00e9v\u00e9lation de nos contrecoll\u00e9s avec une ZBE Chromira et le d\u00e9veloppement avec une d\u00e9veloppeuse Colenta avec circuit osmose invers\u00e9.<\/p>\n<p><\/p>\n<p><\/p>\n<p>La Chromira produit des tirages chromog\u00e8nes haut de gamme, une gestion colorim\u00e9trique de pointe pour assurer la meilleure qualit\u00e9 possible des tirages.<\/p>\n<p><\/p>\n<p><\/p>\n<p>Nous mettons tout notre savoir-faire artisanal et les technologies les plus pointues du march\u00e9 au service de la qualit\u00e9 de vos tirages.<\/p>\n<p><\/p>\n<p><\/p>\n<p><\/p>\t\t\t\t\t\t\t\t<\/div>\n\t\t\t\t<\/div>\n\t\t\t\t\t<\/div>\n\t\t<\/div>\n\t\t\t\t\t<\/div>\n\t\t<\/section>\n\t\t\t\t<\/div>\n\t\t","protected":false},"excerpt":{"rendered":"<p>Sensual-pix a pass\u00e9 un partenariat avec la soci\u00e9t\u00e9 Zeinberg qui g\u00e8re int\u00e9gralement les commandes, impressions et envois. Ce sont donc ses conditions g\u00e9n\u00e9rales de ventes qui r\u00e9gissent les commandes pass\u00e9es sur ce site. \u00a0 Comment puis-je \u00eatre certain que mon tirage ZEINBERG sera de haute qualit\u00e9 ? La qualit\u00e9 ZEINBERG na\u00eet de l&#8217;alliance de la [&hellip;]<\/p>\n","protected":false},"author":12,"featured_media":0,"parent":0,"menu_order":0,"comment_status":"closed","ping_status":"closed","template":"","meta":{"footnotes":""},"class_list":["post-12873","page","type-page","status-publish","hentry"],"jetpack_sharing_enabled":true,"_links":{"self":[{"href":"https:\/\/sensual-pix.com\/home-1\/wp-json\/wp\/v2\/pages\/12873","targetHints":{"allow":["GET"]}}],"collection":[{"href":"https:\/\/sensual-pix.com\/home-1\/wp-json\/wp\/v2\/pages"}],"about":[{"href":"https:\/\/sensual-pix.com\/home-1\/wp-json\/wp\/v2\/types\/page"}],"author":[{"embeddable":true,"href":"https:\/\/sensual-pix.com\/home-1\/wp-json\/wp\/v2\/users\/12"}],"replies":[{"embeddable":true,"href":"https:\/\/sensual-pix.com\/home-1\/wp-json\/wp\/v2\/comments?post=12873"}],"version-history":[{"count":15,"href":"https:\/\/sensual-pix.com\/home-1\/wp-json\/wp\/v2\/pages\/12873\/revisions"}],"predecessor-version":[{"id":13069,"href":"https:\/\/sensual-pix.com\/home-1\/wp-json\/wp\/v2\/pages\/12873\/revisions\/13069"}],"wp:attachment":[{"href":"https:\/\/sensual-pix.com\/home-1\/wp-json\/wp\/v2\/media?parent=12873"}],"curies":[{"name":"wp","href":"https:\/\/api.w.org\/{rel}","templated":true}]}}